{"id":2,"date":"2021-02-24T13:36:17","date_gmt":"2021-02-24T13:36:17","guid":{"rendered":"https:\/\/celulas.com.br\/wordpress\/?page_id=2"},"modified":"2025-06-10T12:40:28","modified_gmt":"2025-06-10T12:40:28","slug":"sample-page","status":"publish","type":"page","link":"https:\/\/celulas.com.br\/","title":{"rendered":"Home"},"content":{"rendered":"<p><em>A organiza\u00e7\u00e3o de uma Igreja em c\u00e9lulas \u00e9 um retorno \u00e0 comunidade crist\u00e3 de base, descrita no novo testamento: <\/em><em><br \/>\n\u201cCada casa uma igreja, cada membro um ministro, vivendo em Cristo de casa em casa e na grande congrega\u00e7\u00e3o\u201d.<\/em><\/p>\n<p><a href=\"https:\/\/micelubr.acessoseguro.net\/eCAFI\/loja2016\/MIC\/ecafi_catalogo.asp\"><br \/>\n<img loading=\"lazy\" decoding=\"async\" width=\"1024\" height=\"506\" src=\"https:\/\/celulas.com.br\/wp-content\/uploads\/2022\/03\/banner_aprender_e_viver_web.jpg\" alt=\"\" srcset=\"https:\/\/celulas.com.br\/wp-content\/uploads\/2022\/03\/banner_aprender_e_viver_web.jpg 1024w, https:\/\/celulas.com.br\/wp-content\/uploads\/2022\/03\/banner_aprender_e_viver_web-300x148.jpg 300w, https:\/\/celulas.com.br\/wp-content\/uploads\/2022\/03\/banner_aprender_e_viver_web-768x380.jpg 768w\" sizes=\"auto, (max-width: 1024px) 100vw, 1024px\" \/> <\/a><\/p>\n<h2>Conhe\u00e7a nossos Livros<\/h2>\n<p><img loading=\"lazy\" decoding=\"async\" src=\"https:\/\/celulas.com.br\/wp-content\/uploads\/2021\/04\/PPT_17-300x200.png\" alt=\"\" width=\"300\" height=\"200\" class=\"alignnone size-medium wp-image-1590\" srcset=\"https:\/\/celulas.com.br\/wp-content\/uploads\/2021\/04\/PPT_17-300x200.png 300w, https:\/\/celulas.com.br\/wp-content\/uploads\/2021\/04\/PPT_17-1024x683.png 1024w, https:\/\/celulas.com.br\/wp-content\/uploads\/2021\/04\/PPT_17-768x512.png 768w, https:\/\/celulas.com.br\/wp-content\/uploads\/2021\/04\/PPT_17-1536x1024.png 1536w, https:\/\/celulas.com.br\/wp-content\/uploads\/2021\/04\/PPT_17-2048x1365.png 2048w, https:\/\/celulas.com.br\/wp-content\/uploads\/2021\/04\/PPT_17-360x240.png 360w\" sizes=\"auto, (max-width: 300px) 100vw, 300px\" \/> <img loading=\"lazy\" decoding=\"async\" src=\"https:\/\/celulas.com.br\/wp-content\/uploads\/2021\/04\/PPT_16-300x200.png\" alt=\"\" width=\"300\" height=\"200\" class=\"alignnone size-medium wp-image-1589\" srcset=\"https:\/\/celulas.com.br\/wp-content\/uploads\/2021\/04\/PPT_16-300x200.png 300w, https:\/\/celulas.com.br\/wp-content\/uploads\/2021\/04\/PPT_16-1024x683.png 1024w, https:\/\/celulas.com.br\/wp-content\/uploads\/2021\/04\/PPT_16-768x512.png 768w, https:\/\/celulas.com.br\/wp-content\/uploads\/2021\/04\/PPT_16-1536x1024.png 1536w, https:\/\/celulas.com.br\/wp-content\/uploads\/2021\/04\/PPT_16-2048x1365.png 2048w, https:\/\/celulas.com.br\/wp-content\/uploads\/2021\/04\/PPT_16-360x240.png 360w\" sizes=\"auto, (max-width: 300px) 100vw, 300px\" \/> <img loading=\"lazy\" decoding=\"async\" src=\"https:\/\/celulas.com.br\/wp-content\/uploads\/2021\/04\/PPT_15-300x200.png\" alt=\"\" width=\"300\" height=\"200\" class=\"alignnone size-medium wp-image-1588\" srcset=\"https:\/\/celulas.com.br\/wp-content\/uploads\/2021\/04\/PPT_15-300x200.png 300w, https:\/\/celulas.com.br\/wp-content\/uploads\/2021\/04\/PPT_15-1024x683.png 1024w, https:\/\/celulas.com.br\/wp-content\/uploads\/2021\/04\/PPT_15-768x512.png 768w, https:\/\/celulas.com.br\/wp-content\/uploads\/2021\/04\/PPT_15-1536x1024.png 1536w, https:\/\/celulas.com.br\/wp-content\/uploads\/2021\/04\/PPT_15-2048x1365.png 2048w, https:\/\/celulas.com.br\/wp-content\/uploads\/2021\/04\/PPT_15-360x240.png 360w\" sizes=\"auto, (max-width: 300px) 100vw, 300px\" \/> <img loading=\"lazy\" decoding=\"async\" src=\"https:\/\/celulas.com.br\/wp-content\/uploads\/2021\/04\/PPT_14-300x200.png\" alt=\"\" width=\"300\" height=\"200\" class=\"alignnone size-medium wp-image-1587\" srcset=\"https:\/\/celulas.com.br\/wp-content\/uploads\/2021\/04\/PPT_14-300x200.png 300w, https:\/\/celulas.com.br\/wp-content\/uploads\/2021\/04\/PPT_14-1024x683.png 1024w, https:\/\/celulas.com.br\/wp-content\/uploads\/2021\/04\/PPT_14-768x512.png 768w, https:\/\/celulas.com.br\/wp-content\/uploads\/2021\/04\/PPT_14-1536x1024.png 1536w, https:\/\/celulas.com.br\/wp-content\/uploads\/2021\/04\/PPT_14-2048x1365.png 2048w, https:\/\/celulas.com.br\/wp-content\/uploads\/2021\/04\/PPT_14-360x240.png 360w\" sizes=\"auto, (max-width: 300px) 100vw, 300px\" \/> <img loading=\"lazy\" decoding=\"async\" src=\"https:\/\/celulas.com.br\/wp-content\/uploads\/2021\/04\/PPT_13-300x200.png\" alt=\"\" width=\"300\" height=\"200\" class=\"alignnone size-medium wp-image-1586\" srcset=\"https:\/\/celulas.com.br\/wp-content\/uploads\/2021\/04\/PPT_13-300x200.png 300w, https:\/\/celulas.com.br\/wp-content\/uploads\/2021\/04\/PPT_13-1024x683.png 1024w, https:\/\/celulas.com.br\/wp-content\/uploads\/2021\/04\/PPT_13-768x512.png 768w, https:\/\/celulas.com.br\/wp-content\/uploads\/2021\/04\/PPT_13-1536x1024.png 1536w, https:\/\/celulas.com.br\/wp-content\/uploads\/2021\/04\/PPT_13-2048x1365.png 2048w, https:\/\/celulas.com.br\/wp-content\/uploads\/2021\/04\/PPT_13-360x240.png 360w\" sizes=\"auto, (max-width: 300px) 100vw, 300px\" \/> <img loading=\"lazy\" decoding=\"async\" src=\"https:\/\/celulas.com.br\/wp-content\/uploads\/2021\/04\/PPT_12-300x200.png\" alt=\"\" width=\"300\" height=\"200\" class=\"alignnone size-medium wp-image-1585\" srcset=\"https:\/\/celulas.com.br\/wp-content\/uploads\/2021\/04\/PPT_12-300x200.png 300w, https:\/\/celulas.com.br\/wp-content\/uploads\/2021\/04\/PPT_12-1024x683.png 1024w, https:\/\/celulas.com.br\/wp-content\/uploads\/2021\/04\/PPT_12-768x512.png 768w, https:\/\/celulas.com.br\/wp-content\/uploads\/2021\/04\/PPT_12-1536x1024.png 1536w, https:\/\/celulas.com.br\/wp-content\/uploads\/2021\/04\/PPT_12-2048x1365.png 2048w, https:\/\/celulas.com.br\/wp-content\/uploads\/2021\/04\/PPT_12-360x240.png 360w\" sizes=\"auto, (max-width: 300px) 100vw, 300px\" \/> <img loading=\"lazy\" decoding=\"async\" src=\"https:\/\/celulas.com.br\/wp-content\/uploads\/2021\/04\/PPT_11-300x200.png\" alt=\"\" width=\"300\" height=\"200\" class=\"alignnone size-medium wp-image-1584\" srcset=\"https:\/\/celulas.com.br\/wp-content\/uploads\/2021\/04\/PPT_11-300x200.png 300w, https:\/\/celulas.com.br\/wp-content\/uploads\/2021\/04\/PPT_11-1024x683.png 1024w, https:\/\/celulas.com.br\/wp-content\/uploads\/2021\/04\/PPT_11-768x512.png 768w, https:\/\/celulas.com.br\/wp-content\/uploads\/2021\/04\/PPT_11-1536x1024.png 1536w, https:\/\/celulas.com.br\/wp-content\/uploads\/2021\/04\/PPT_11-2048x1365.png 2048w, https:\/\/celulas.com.br\/wp-content\/uploads\/2021\/04\/PPT_11-360x240.png 360w\" sizes=\"auto, (max-width: 300px) 100vw, 300px\" \/> <img loading=\"lazy\" decoding=\"async\" src=\"https:\/\/celulas.com.br\/wp-content\/uploads\/2021\/04\/PPT_10-300x200.png\" alt=\"\" width=\"300\" height=\"200\" class=\"alignnone size-medium wp-image-1582\" srcset=\"https:\/\/celulas.com.br\/wp-content\/uploads\/2021\/04\/PPT_10-300x200.png 300w, https:\/\/celulas.com.br\/wp-content\/uploads\/2021\/04\/PPT_10-1024x683.png 1024w, https:\/\/celulas.com.br\/wp-content\/uploads\/2021\/04\/PPT_10-768x512.png 768w, https:\/\/celulas.com.br\/wp-content\/uploads\/2021\/04\/PPT_10-1536x1024.png 1536w, https:\/\/celulas.com.br\/wp-content\/uploads\/2021\/04\/PPT_10-2048x1365.png 2048w, https:\/\/celulas.com.br\/wp-content\/uploads\/2021\/04\/PPT_10-360x240.png 360w\" sizes=\"auto, (max-width: 300px) 100vw, 300px\" \/> <img loading=\"lazy\" decoding=\"async\" src=\"https:\/\/celulas.com.br\/wp-content\/uploads\/2021\/04\/PPT_9-300x200.png\" alt=\"\" width=\"300\" height=\"200\" class=\"alignnone size-medium wp-image-1575\" srcset=\"https:\/\/celulas.com.br\/wp-content\/uploads\/2021\/04\/PPT_9-300x200.png 300w, https:\/\/celulas.com.br\/wp-content\/uploads\/2021\/04\/PPT_9-1024x683.png 1024w, https:\/\/celulas.com.br\/wp-content\/uploads\/2021\/04\/PPT_9-768x512.png 768w, https:\/\/celulas.com.br\/wp-content\/uploads\/2021\/04\/PPT_9-1536x1024.png 1536w, https:\/\/celulas.com.br\/wp-content\/uploads\/2021\/04\/PPT_9-2048x1365.png 2048w, https:\/\/celulas.com.br\/wp-content\/uploads\/2021\/04\/PPT_9-360x240.png 360w\" sizes=\"auto, (max-width: 300px) 100vw, 300px\" \/> <img loading=\"lazy\" decoding=\"async\" src=\"https:\/\/celulas.com.br\/wp-content\/uploads\/2021\/04\/PPT_8-300x200.png\" alt=\"\" width=\"300\" height=\"200\" class=\"alignnone size-medium wp-image-1571\" srcset=\"https:\/\/celulas.com.br\/wp-content\/uploads\/2021\/04\/PPT_8-300x200.png 300w, https:\/\/celulas.com.br\/wp-content\/uploads\/2021\/04\/PPT_8-1024x683.png 1024w, https:\/\/celulas.com.br\/wp-content\/uploads\/2021\/04\/PPT_8-768x512.png 768w, https:\/\/celulas.com.br\/wp-content\/uploads\/2021\/04\/PPT_8-1536x1024.png 1536w, https:\/\/celulas.com.br\/wp-content\/uploads\/2021\/04\/PPT_8-2048x1365.png 2048w, https:\/\/celulas.com.br\/wp-content\/uploads\/2021\/04\/PPT_8-360x240.png 360w\" sizes=\"auto, (max-width: 300px) 100vw, 300px\" \/> <img loading=\"lazy\" decoding=\"async\" src=\"https:\/\/celulas.com.br\/wp-content\/uploads\/2021\/04\/PPT_7-300x200.png\" alt=\"\" width=\"300\" height=\"200\" class=\"alignnone size-medium wp-image-1567\" srcset=\"https:\/\/celulas.com.br\/wp-content\/uploads\/2021\/04\/PPT_7-300x200.png 300w, https:\/\/celulas.com.br\/wp-content\/uploads\/2021\/04\/PPT_7-1024x683.png 1024w, https:\/\/celulas.com.br\/wp-content\/uploads\/2021\/04\/PPT_7-768x512.png 768w, https:\/\/celulas.com.br\/wp-content\/uploads\/2021\/04\/PPT_7-1536x1024.png 1536w, https:\/\/celulas.com.br\/wp-content\/uploads\/2021\/04\/PPT_7-2048x1365.png 2048w, https:\/\/celulas.com.br\/wp-content\/uploads\/2021\/04\/PPT_7-360x240.png 360w\" sizes=\"auto, (max-width: 300px) 100vw, 300px\" \/> <img loading=\"lazy\" decoding=\"async\" src=\"https:\/\/celulas.com.br\/wp-content\/uploads\/2021\/04\/PPT_6-300x200.png\" alt=\"\" width=\"300\" height=\"200\" class=\"alignnone size-medium wp-image-1565\" srcset=\"https:\/\/celulas.com.br\/wp-content\/uploads\/2021\/04\/PPT_6-300x200.png 300w, https:\/\/celulas.com.br\/wp-content\/uploads\/2021\/04\/PPT_6-1024x683.png 1024w, https:\/\/celulas.com.br\/wp-content\/uploads\/2021\/04\/PPT_6-768x512.png 768w, https:\/\/celulas.com.br\/wp-content\/uploads\/2021\/04\/PPT_6-1536x1024.png 1536w, https:\/\/celulas.com.br\/wp-content\/uploads\/2021\/04\/PPT_6-2048x1365.png 2048w, https:\/\/celulas.com.br\/wp-content\/uploads\/2021\/04\/PPT_6-360x240.png 360w\" sizes=\"auto, (max-width: 300px) 100vw, 300px\" \/> <img loading=\"lazy\" decoding=\"async\" src=\"https:\/\/celulas.com.br\/wp-content\/uploads\/2021\/04\/PPT_5-300x200.png\" alt=\"\" width=\"300\" height=\"200\" class=\"alignnone size-medium wp-image-1561\" srcset=\"https:\/\/celulas.com.br\/wp-content\/uploads\/2021\/04\/PPT_5-300x200.png 300w, https:\/\/celulas.com.br\/wp-content\/uploads\/2021\/04\/PPT_5-1024x683.png 1024w, https:\/\/celulas.com.br\/wp-content\/uploads\/2021\/04\/PPT_5-768x512.png 768w, https:\/\/celulas.com.br\/wp-content\/uploads\/2021\/04\/PPT_5-1536x1024.png 1536w, https:\/\/celulas.com.br\/wp-content\/uploads\/2021\/04\/PPT_5-2048x1365.png 2048w, https:\/\/celulas.com.br\/wp-content\/uploads\/2021\/04\/PPT_5-360x240.png 360w\" sizes=\"auto, (max-width: 300px) 100vw, 300px\" \/> <img loading=\"lazy\" decoding=\"async\" src=\"https:\/\/celulas.com.br\/wp-content\/uploads\/2021\/04\/PPT_4-300x200.png\" alt=\"\" width=\"300\" height=\"200\" class=\"alignnone size-medium wp-image-1485\" srcset=\"https:\/\/celulas.com.br\/wp-content\/uploads\/2021\/04\/PPT_4-300x200.png 300w, https:\/\/celulas.com.br\/wp-content\/uploads\/2021\/04\/PPT_4-1024x683.png 1024w, https:\/\/celulas.com.br\/wp-content\/uploads\/2021\/04\/PPT_4-768x512.png 768w, https:\/\/celulas.com.br\/wp-content\/uploads\/2021\/04\/PPT_4-1536x1024.png 1536w, https:\/\/celulas.com.br\/wp-content\/uploads\/2021\/04\/PPT_4-2048x1365.png 2048w, https:\/\/celulas.com.br\/wp-content\/uploads\/2021\/04\/PPT_4-360x240.png 360w\" sizes=\"auto, (max-width: 300px) 100vw, 300px\" \/> <img loading=\"lazy\" decoding=\"async\" src=\"https:\/\/celulas.com.br\/wp-content\/uploads\/2021\/04\/PPT_3-300x200.png\" alt=\"\" width=\"300\" height=\"200\" class=\"alignnone size-medium wp-image-1484\" srcset=\"https:\/\/celulas.com.br\/wp-content\/uploads\/2021\/04\/PPT_3-300x200.png 300w, https:\/\/celulas.com.br\/wp-content\/uploads\/2021\/04\/PPT_3-1024x683.png 1024w, https:\/\/celulas.com.br\/wp-content\/uploads\/2021\/04\/PPT_3-768x512.png 768w, https:\/\/celulas.com.br\/wp-content\/uploads\/2021\/04\/PPT_3-1536x1024.png 1536w, https:\/\/celulas.com.br\/wp-content\/uploads\/2021\/04\/PPT_3-2048x1365.png 2048w, https:\/\/celulas.com.br\/wp-content\/uploads\/2021\/04\/PPT_3-360x240.png 360w\" sizes=\"auto, (max-width: 300px) 100vw, 300px\" \/> <img loading=\"lazy\" decoding=\"async\" src=\"https:\/\/celulas.com.br\/wp-content\/uploads\/2021\/04\/PPT_2-300x200.png\" alt=\"\" width=\"300\" height=\"200\" class=\"alignnone size-medium wp-image-1477\" srcset=\"https:\/\/celulas.com.br\/wp-content\/uploads\/2021\/04\/PPT_2-300x200.png 300w, https:\/\/celulas.com.br\/wp-content\/uploads\/2021\/04\/PPT_2-1024x683.png 1024w, https:\/\/celulas.com.br\/wp-content\/uploads\/2021\/04\/PPT_2-768x512.png 768w, https:\/\/celulas.com.br\/wp-content\/uploads\/2021\/04\/PPT_2-1536x1024.png 1536w, https:\/\/celulas.com.br\/wp-content\/uploads\/2021\/04\/PPT_2-2048x1365.png 2048w, https:\/\/celulas.com.br\/wp-content\/uploads\/2021\/04\/PPT_2-360x240.png 360w\" sizes=\"auto, (max-width: 300px) 100vw, 300px\" \/> <img loading=\"lazy\" decoding=\"async\" src=\"https:\/\/celulas.com.br\/wp-content\/uploads\/2021\/04\/PPT_1-300x200.png\" alt=\"\" width=\"300\" height=\"200\" class=\"alignnone size-medium wp-image-1458\" srcset=\"https:\/\/celulas.com.br\/wp-content\/uploads\/2021\/04\/PPT_1-300x200.png 300w, https:\/\/celulas.com.br\/wp-content\/uploads\/2021\/04\/PPT_1-1024x683.png 1024w, https:\/\/celulas.com.br\/wp-content\/uploads\/2021\/04\/PPT_1-768x512.png 768w, https:\/\/celulas.com.br\/wp-content\/uploads\/2021\/04\/PPT_1-1536x1024.png 1536w, https:\/\/celulas.com.br\/wp-content\/uploads\/2021\/04\/PPT_1-2048x1365.png 2048w, https:\/\/celulas.com.br\/wp-content\/uploads\/2021\/04\/PPT_1-360x240.png 360w\" sizes=\"auto, (max-width: 300px) 100vw, 300px\" \/><\/p>\n<p>Fa\u00e7a o Dowload do Cat\u00e1logo &#8211; <a href=\"https:\/\/celulas.com.br\/wp-content\/uploads\/2025\/05\/catalogo_2024.pdf\">Clique Aqui<\/a><\/p>\n<p><a href=\"https:\/\/micelubr.acessoseguro.net\/eCAFI\/loja2016\/MIC\/ecafi_catalogo.asp\"><br \/>\n<\/a><img loading=\"lazy\" decoding=\"async\" width=\"1024\" height=\"520\" src=\"https:\/\/celulas.com.br\/wp-content\/uploads\/2021\/05\/loja-virtual-1.png\" alt=\"\" srcset=\"https:\/\/celulas.com.br\/wp-content\/uploads\/2021\/05\/loja-virtual-1.png 1024w, https:\/\/celulas.com.br\/wp-content\/uploads\/2021\/05\/loja-virtual-1-300x152.png 300w, https:\/\/celulas.com.br\/wp-content\/uploads\/2021\/05\/loja-virtual-1-768x390.png 768w\" sizes=\"auto, (max-width: 1024px) 100vw, 1024px\" \/><\/p>\n<h2>Compras, D\u00favidas ou contato:<br \/>\nFone\/WhatsApp: (41) 3276-8655<br \/>\n<a href=\"https:\/\/www.youtube.com\/channel\/UC057vqK3z5CGEdur2ErGUeg\/featured\" target=\"_blank\" rel=\"noopener\"><br \/>\n<\/a><br \/>\n<a href=\"https:\/\/www.instagram.com\/mic.celulas\/\" target=\"_blank\" rel=\"noopener\"><br \/>\n<\/a><\/h2>\n","protected":false},"excerpt":{"rendered":"<p>A organiza\u00e7\u00e3o de uma Igreja em c\u00e9lulas \u00e9 um retorno \u00e0 comunidade crist\u00e3 de base, descrita no novo testamento: \u201cCada casa uma igreja, cada membro um ministro, vivendo em Cristo de casa em casa e na grande congrega\u00e7\u00e3o\u201d. Conhe\u00e7a nossos Livros Fa\u00e7a o Dowload do Cat\u00e1logo &#8211; Clique Aqui Compras, [&hellip;]<\/p>\n","protected":false},"author":1,"featured_media":0,"parent":0,"menu_order":0,"comment_status":"closed","ping_status":"open","template":"","meta":{"_themeisle_gutenberg_block_has_review":false,"footnotes":""},"class_list":["post-2","page","type-page","status-publish","hentry"],"_links":{"self":[{"href":"https:\/\/celulas.com.br\/index.php?rest_route=\/wp\/v2\/pages\/2","targetHints":{"allow":["GET"]}}],"collection":[{"href":"https:\/\/celulas.com.br\/index.php?rest_route=\/wp\/v2\/pages"}],"about":[{"href":"https:\/\/celulas.com.br\/index.php?rest_route=\/wp\/v2\/types\/page"}],"author":[{"embeddable":true,"href":"https:\/\/celulas.com.br\/index.php?rest_route=\/wp\/v2\/users\/1"}],"replies":[{"embeddable":true,"href":"https:\/\/celulas.com.br\/index.php?rest_route=%2Fwp%2Fv2%2Fcomments&post=2"}],"version-history":[{"count":532,"href":"https:\/\/celulas.com.br\/index.php?rest_route=\/wp\/v2\/pages\/2\/revisions"}],"predecessor-version":[{"id":2303,"href":"https:\/\/celulas.com.br\/index.php?rest_route=\/wp\/v2\/pages\/2\/revisions\/2303"}],"wp:attachment":[{"href":"https:\/\/celulas.com.br\/index.php?rest_route=%2Fwp%2Fv2%2Fmedia&parent=2"}],"curies":[{"name":"wp","href":"https:\/\/api.w.org\/{rel}","templated":true}]}}