{"id":1833,"date":"2021-06-30T14:19:51","date_gmt":"2021-06-30T14:19:51","guid":{"rendered":"https:\/\/celulas.com.br\/wordpress\/?page_id=1833"},"modified":"2021-06-30T14:40:30","modified_gmt":"2021-06-30T14:40:30","slug":"a-rede-de-igrejas-em-celulas-no-brasil","status":"publish","type":"page","link":"https:\/\/celulas.com.br\/?page_id=1833","title":{"rendered":"A REDE DE IGREJAS EM C\u00c9LULAS NO BRASIL"},"content":{"rendered":"<h5>&#8211; In\u00edcio Simples e Informal em 1997<\/h5>\n<p>&#8211; Mais de 320 pastores e l\u00edderes come\u00e7am a transi\u00e7\u00e3o para a vis\u00e3o celular com o MIC<br \/>\u00a0&#8211; 8 Pastores em Campinas come\u00e7am a se reunir para ajudar uns aos outros<\/p>\n<h5>&#8211; Procurando e investindo<br \/> em pastores mentores em 2008<\/h5>\n<p>&#8211; Um grupo \u00e9 convidado a sonhar e aprender sobre a orienta\u00e7\u00e3o de pastores.<\/p>\n<p>&#8211; \u00c9 feita uma parceria com o MAPI (Minist\u00e9rio de Apoio a Pastores e Igrejas) e esse grupo de pastores mentores recebe os 4 m\u00f3dulos de forma\u00e7\u00e3o com o Pr David Kornfield.<\/p>\n<p>&#8211; Em 2006, 1\u00aa Consulta Jovem com a ajuda de Ben Wong (Hong Kong). Aprendendo sobre o trabalho do CCMN (Rede Mission\u00e1ria de Igrejas em c\u00e9lulas Mundial liderada por Hong Kong).<\/p>\n<h5>&#8211; In\u00edcio das Redes de igrejas em C\u00e9lulas em 3 \u00e1reas do Brasil (SP, MA, RJ) \u2013 em 2009<br \/>\n&#8211; A partir de 2012, as Redes de Igreja em c\u00e9lulas passam a ter a mentoria e treinamento de Ben Wong.<br \/>\n<\/h5>\n<p>&#8211; As Redes tiveram durante quase uma d\u00e9cada ministra\u00e7\u00f5es sobre as 7 Ess\u00eancias da Igreja em c\u00e9lulas, que ajudaram a formar os valores dos pastores, das igrejas e das Redes.<\/p>\n<p>\u00a0&#8211; A partir dos anos 2010, as Redes do Brasil iniciaram o envio de mission\u00e1rios aos pa\u00edses n\u00e3o alcan\u00e7ados em parceria com o CCMN.<\/p>\n<h5>&#8211; As Redes se consolidaram e se expandiram para v\u00e1rias \u00e1reas do Brasil. <\/p>\n<p>&#8211; Junte-se a uma Rede de Igrejas em C\u00e9lulas do Brasil! Fa\u00e7a parte de um Grupo de Pastoreio de Pastores!<\/p>\n<p>&#8211; Pastores Coordenadores no Brasil:<\/h5>\n<h6>Clorivaldo Mariano \u2013 (19) 99132-6699<\/p>\n<p>Alexandre Cavalcanti \u2013 (41) 99908-0677<\/p>\n<p>Rafael Blume \u2013 (98) 99114-0602<br \/>\n<\/h6>\n<h3>OS VALORES DO MOVIMENTO<BR> IGREJA EM C\u00c9LULAS<br \/>\nPOR BENJAMIM WONG<br \/>\n<\/h3>\n<p>Qual \u00e9 a chave para perpetuar uma rede ou um movimento?<\/p>\n<p>O segredo \u00e9 perpetuar os \u201cvalores\u201d (caracter\u00edsticas, DNA, ethos) &#8211; o esp\u00edrito que fundamenta o movimento. \u00c9 importante que eles n\u00e3o sejam apenas alguns bons pensamentos ou lemas ou algumas palavras bonitas &#8211; eles t\u00eam que se tornar a vida do movimento. Eles t\u00eam que ser a maneira como vivemos. O movimento \u00e9 t\u00e3o forte quanto o nosso enraizamento nesses valores.<\/p>\n<p>Os valores podem ser ensinados, mas apenas ensinar os valores n\u00e3o pode realmente incorporar valores aos outros. Os valores verdadeiros precisam ser transmitidos. Eles s\u00e3o pegos em vez de ensinados. Eles s\u00e3o instilados nas pessoas por meio deles, observando os valores vividos e afetando outras pessoas na vida di\u00e1ria.<\/p>\n<p>OS VALORES DESTE MOVIMENTO:<\/p>\n<ol>\n<li>A For\u00e7a e o Poder do Movimento vir\u00e3o de nosso relacionamento e unidade. Essa Uni\u00e3o deve ser baseada no compromisso de estarmos juntos at\u00e9 o fim e nos ajudarmos a &#8220;Terminarmos Bem&#8221;. Este movimento deve envolver sermos fi\u00e9is uns aos outros at\u00e9 o fim. Somos uma fam\u00edlia e devemos permanecer juntos at\u00e9 o fim.<\/li>\n<li>Muitas pessoas procuram uma Rede para obter algo que se beneficie dela. Quando a Rede n\u00e3o tem mais nada para benefici\u00e1-los, eles deixam de fazer parte da Rede. Ou quando n\u00e3o precisam mais da Rede, deixam de fazer parte da Rede. Portanto, esta Rede DEVE ser baseada em &#8220;Dar&#8221; ao inv\u00e9s de &#8220;Receber&#8221; &#8211; n\u00f3s nos reunimos para dar &#8211; para servir &#8211; para contribuir &#8211; para apoiar.<\/li>\n<li>Outro valor importante desta Rede \u00e9 que devemos caminhar juntos e estar abertos para aprender uns com os outros. Todos n\u00f3s precisamos que os outros falem em nossas vidas &#8211; 2 \u00e9 melhor do que 1 &#8211; este \u00e9 um ingrediente importante para terminar bem. Devemos nos manter humildes e ensin\u00e1veis. Devemos ter certeza de que estamos abertos a algu\u00e9m na Rede para falar em nossas vidas.<\/li>\n<li>Este Movimento da Pr\u00f3xima Gera\u00e7\u00e3o sempre valorizar\u00e1 a caminhada junto com a Gera\u00e7\u00e3o Mais Velha &#8211; construindo sobre a base da Gera\u00e7\u00e3o Mais Velha E investindo na pr\u00f3xima gera\u00e7\u00e3o &#8211; a gera\u00e7\u00e3o mais jovem &#8211; acreditando e investindo na juventude. A gera\u00e7\u00e3o mais velha \u00e9 bem-vinda e agradecemos suas sugest\u00f5es e conselhos. Ao mesmo tempo, a gera\u00e7\u00e3o mais velha est\u00e1 servindo, apoiando e treinando os mais jovens. Ao mesmo tempo, acreditar na juventude deve significar que acreditamos na juventude &#8211; estamos aqui para servir, apoiar e treinar a gera\u00e7\u00e3o mais jovem.<\/li>\n<li>Acreditar na juventude deve significar que acreditamos em PESSOAS &#8211; PESSOAS COMUNS. Ver o que h\u00e1 de bom e ser capaz de revelar o que h\u00e1 de melhor nas pessoas. A for\u00e7a deste movimento deve ser que as pessoas comuns e as igrejas comuns s\u00e3o muito valorizadas por n\u00f3s!<\/li>\n<\/ol>\n<p>Desenvolver pessoas comuns significa que precisamos gastar tempo e esfor\u00e7o para isso &#8211; para investir nossas vidas na forma\u00e7\u00e3o de pessoas. Jesus concentrou seu minist\u00e9rio na forma\u00e7\u00e3o de 12 disc\u00edpulos &#8211; at\u00e9 mesmo vivendo com eles juntos. Este movimento tamb\u00e9m deve se concentrar em desenvolver disc\u00edpulos de perto &#8211; um a um &#8211; n\u00e3o podemos viver com nossos disc\u00edpulos, mas devemos nos relacionar muito intimamente com eles &#8211; n\u00e3o h\u00e1 substituto para fazer disc\u00edpulos um a um. Discipule pessoas que ir\u00e3o discipular pessoas de gera\u00e7\u00e3o em gera\u00e7\u00e3o.<\/p>\n<ol start=\"6\">\n<li>O movimento \u00e9 brasileiro, mas vai al\u00e9m do Brasil e est\u00e1 intimamente conectado com os movimentos no exterior por meio das rela\u00e7\u00f5es que temos com outras pessoas no resto do mundo.<\/li>\n<li>De volta \u00e0s ra\u00edzes \u2013 As 7 Ess\u00eancias da igreja em c\u00e9lulas est\u00e3o constantemente nos trazendo de volta \u00e0s verdades simples da B\u00edblia. Os fundamentos s\u00e3o muito simples e ao focar nesses fundamentos, criou-se uma abordagem simples e uma abordagem b\u00edblica. A \u00eanfase \u00e9 apenas continuar a fazer o b\u00e1sico. Quando continuarmos a fazer o b\u00e1sico, os resultados vir\u00e3o. \u201cPois, no devido tempo, colheremos se n\u00e3o nos cansarmos.\u201d<\/li>\n<\/ol>\n<p>Ess\u00eancia 1 \u2013 Relacionamentos<\/p>\n<p>Ess\u00eancia 2 \u2013 Participa\u00e7\u00e3o<\/p>\n<p>Ess\u00eancia 3 \u2013 Capacita\u00e7\u00e3o<\/p>\n<p>Ess\u00eancia 4 \u2013 Focada em Jesus<\/p>\n<p>Ess\u00eancia 5 \u2013 Evangelismo e Multiplica\u00e7\u00e3o<\/p>\n<p>Ess\u00eancia 6 \u2013 Trabalho em Rede<\/p>\n<p>Ess\u00eancia 7 \u2013 Estruturas Adapt\u00e1veis<\/p>\n<ol start=\"8\">\n<li>Fazendo Silenciosamente &#8211; A\u00e7\u00e3o &#8211; Passo a passo, pessoa a pessoa, igreja a igreja &#8211; estamos mais interessados \u200b\u200bem fazer o trabalho do que em ter bons slogans ou palavras maravilhosas. Nada \u00e9 mais poderoso do que fazer isso. Preferimos deixar nosso minist\u00e9rio falar por n\u00f3s. N\u00e3o fale sobre isso &#8211; fa\u00e7a. N\u00e3o queremos apenas compartilhar teoria &#8211; preferimos fazer a teoria.<\/li>\n<\/ol>\n","protected":false},"excerpt":{"rendered":"<p>&#8211; In\u00edcio Simples e Informal em 1997 &#8211; Mais de 320 pastores e l\u00edderes come\u00e7am a transi\u00e7\u00e3o para a vis\u00e3o celular com o MIC\u00a0&#8211; 8 Pastores em Campinas come\u00e7am a se reunir para ajudar uns aos outros &#8211; Procurando e investindo em pastores mentores em 2008 &#8211; Um grupo \u00e9 [&hellip;]<\/p>\n","protected":false},"author":1,"featured_media":0,"parent":0,"menu_order":0,"comment_status":"closed","ping_status":"open","template":"elementor_theme","meta":{"_themeisle_gutenberg_block_has_review":false,"footnotes":""},"class_list":["post-1833","page","type-page","status-publish","hentry"],"_links":{"self":[{"href":"https:\/\/celulas.com.br\/index.php?rest_route=\/wp\/v2\/pages\/1833","targetHints":{"allow":["GET"]}}],"collection":[{"href":"https:\/\/celulas.com.br\/index.php?rest_route=\/wp\/v2\/pages"}],"about":[{"href":"https:\/\/celulas.com.br\/index.php?rest_route=\/wp\/v2\/types\/page"}],"author":[{"embeddable":true,"href":"https:\/\/celulas.com.br\/index.php?rest_route=\/wp\/v2\/users\/1"}],"replies":[{"embeddable":true,"href":"https:\/\/celulas.com.br\/index.php?rest_route=%2Fwp%2Fv2%2Fcomments&post=1833"}],"version-history":[{"count":17,"href":"https:\/\/celulas.com.br\/index.php?rest_route=\/wp\/v2\/pages\/1833\/revisions"}],"predecessor-version":[{"id":1858,"href":"https:\/\/celulas.com.br\/index.php?rest_route=\/wp\/v2\/pages\/1833\/revisions\/1858"}],"wp:attachment":[{"href":"https:\/\/celulas.com.br\/index.php?rest_route=%2Fwp%2Fv2%2Fmedia&parent=1833"}],"curies":[{"name":"wp","href":"https:\/\/api.w.org\/{rel}","templated":true}]}}