{"id":1787,"date":"2021-06-30T12:51:11","date_gmt":"2021-06-30T12:51:11","guid":{"rendered":"https:\/\/celulas.com.br\/wordpress\/?page_id=1787"},"modified":"2021-06-30T17:18:39","modified_gmt":"2021-06-30T17:18:39","slug":"equipe-de-lideraca-nacional","status":"publish","type":"page","link":"https:\/\/celulas.com.br\/?page_id=1787","title":{"rendered":"Equipe de Lidera\u00e7a Nacional"},"content":{"rendered":"<h4>EQUIPE DE LIDERAN\u00c7A NACIONAL  DO MINIST\u00c9RIO IGREJA EM C\u00c9LULAS<\/h4>\n<p>\t\t\t\t\t\t\t\t\t\t\t\t<img decoding=\"async\" width=\"760\" height=\"570\" src=\"https:\/\/celulas.com.br\/wp-content\/uploads\/2021\/06\/lideranca_2.jpg\" alt=\"\" loading=\"lazy\" srcset=\"https:\/\/celulas.com.br\/wp-content\/uploads\/2021\/06\/lideranca_2.jpg 760w, https:\/\/celulas.com.br\/wp-content\/uploads\/2021\/06\/lideranca_2-300x225.jpg 300w\" sizes=\"auto, (max-width: 760px) 100vw, 760px\" \/><br \/>\n\t\t\t\t\t\t\t\t\t\t\t\t<img decoding=\"async\" width=\"750\" height=\"563\" src=\"https:\/\/celulas.com.br\/wp-content\/uploads\/2021\/06\/lideranca_1-1024x768.jpg\" alt=\"\" loading=\"lazy\" srcset=\"https:\/\/celulas.com.br\/wp-content\/uploads\/2021\/06\/lideranca_1-1024x768.jpg 1024w, https:\/\/celulas.com.br\/wp-content\/uploads\/2021\/06\/lideranca_1-300x225.jpg 300w, https:\/\/celulas.com.br\/wp-content\/uploads\/2021\/06\/lideranca_1-768x576.jpg 768w, https:\/\/celulas.com.br\/wp-content\/uploads\/2021\/06\/lideranca_1.jpg 1152w\" sizes=\"auto, (max-width: 750px) 100vw, 750px\" \/>\t\t\t\t\t\t\t\t\t\t\t\t\t\t<\/p>\n<p><strong>Desde 2015 foi criado um Conselho Consultivo com pastores representantes do Brasil para auxiliar na Condu\u00e7\u00e3o do Minist\u00e9rio Igreja em C\u00e9lulas.<\/strong><\/p>\n<p>Conforme traz o Prov\u00e9rbio: \u201c&#8230; na multid\u00e3o de conselheiros h\u00e1 seguran\u00e7a\u201d (11.14).<\/p>\n<p>A Equipe de Lideran\u00e7a Nacional do MIC auxilia na orienta\u00e7\u00e3o quanto aos Congressos, \u00e0s Redes de Igrejas em c\u00e9lulas, \u00e0 Editora, ao Movimento mission\u00e1rio e aos rumos da gest\u00e3o geral.<\/p>\n<p>A Equipe \u00e9 coordenada pelo Pr. Roberto Lay. E tem como conselheiros: Pr Alexandre Cavalcanti, Jessica Lay, Pr Clorivaldo Mariano, Pr Rafael Blume, Pr \u00c1lvaro Pavan, Pr Marcelo Amaral, Pr Cristiano Mattos, Pr Rudi Tunnermann, Pra Rutiane Fogolin, Pr Edson Mesquita.<\/p>\n","protected":false},"excerpt":{"rendered":"<p>EQUIPE DE LIDERAN\u00c7A NACIONAL DO MINIST\u00c9RIO IGREJA EM C\u00c9LULAS Desde 2015 foi criado um Conselho Consultivo com pastores representantes do Brasil para auxiliar na Condu\u00e7\u00e3o do Minist\u00e9rio Igreja em C\u00e9lulas. Conforme traz o Prov\u00e9rbio: \u201c&#8230; na multid\u00e3o de conselheiros h\u00e1 seguran\u00e7a\u201d (11.14). A Equipe de Lideran\u00e7a Nacional do MIC auxilia [&hellip;]<\/p>\n","protected":false},"author":1,"featured_media":0,"parent":0,"menu_order":0,"comment_status":"closed","ping_status":"open","template":"elementor_theme","meta":{"_themeisle_gutenberg_block_has_review":false,"footnotes":""},"class_list":["post-1787","page","type-page","status-publish","hentry"],"_links":{"self":[{"href":"https:\/\/celulas.com.br\/index.php?rest_route=\/wp\/v2\/pages\/1787","targetHints":{"allow":["GET"]}}],"collection":[{"href":"https:\/\/celulas.com.br\/index.php?rest_route=\/wp\/v2\/pages"}],"about":[{"href":"https:\/\/celulas.com.br\/index.php?rest_route=\/wp\/v2\/types\/page"}],"author":[{"embeddable":true,"href":"https:\/\/celulas.com.br\/index.php?rest_route=\/wp\/v2\/users\/1"}],"replies":[{"embeddable":true,"href":"https:\/\/celulas.com.br\/index.php?rest_route=%2Fwp%2Fv2%2Fcomments&post=1787"}],"version-history":[{"count":34,"href":"https:\/\/celulas.com.br\/index.php?rest_route=\/wp\/v2\/pages\/1787\/revisions"}],"predecessor-version":[{"id":1876,"href":"https:\/\/celulas.com.br\/index.php?rest_route=\/wp\/v2\/pages\/1787\/revisions\/1876"}],"wp:attachment":[{"href":"https:\/\/celulas.com.br\/index.php?rest_route=%2Fwp%2Fv2%2Fmedia&parent=1787"}],"curies":[{"name":"wp","href":"https:\/\/api.w.org\/{rel}","templated":true}]}}