{"id":1153,"date":"2021-04-12T14:23:45","date_gmt":"2021-04-12T14:23:45","guid":{"rendered":"https:\/\/celulas.com.br\/wordpress\/?page_id=1153"},"modified":"2025-05-20T17:59:11","modified_gmt":"2025-05-20T17:59:11","slug":"ferramentas","status":"publish","type":"page","link":"https:\/\/celulas.com.br\/?page_id=1153","title":{"rendered":"Ferramentas"},"content":{"rendered":"<h3>Downloads<\/h3>\n<p><a  data-e-Disable-Page-Transition=\"true\" class=\"download-link\" title=\"Version - jpg - trabalho em conjunto\" href=\"https:\/\/celulas.com.br?download=649&amp;tmstv=1777635751\" rel=\"nofollow\" id=\"download-link-649\" data-redirect=\"false\" >\n\tCapa Descobertas e Solu\u00e7\u00f5es (JPG)\t(1917 downloads\t)\n<\/a>\n<br \/>\n<a  data-e-Disable-Page-Transition=\"true\" class=\"download-link\" title=\"\" href=\"https:\/\/celulas.com.br?download=1306&amp;tmstv=1777635751\" rel=\"nofollow\" id=\"download-link-1306\" data-redirect=\"false\" >\n\tCapa Antes e Depois - Trabalho em Conjunto (JPG)\t(358 downloads\t)\n<\/a>\n<br \/>\n<a  data-e-Disable-Page-Transition=\"true\" class=\"download-link\" title=\"\" href=\"https:\/\/celulas.com.br?download=1129&amp;tmstv=1777635751\" rel=\"nofollow\" id=\"download-link-1129\" data-redirect=\"false\" >\n\tErrata Fac 2 - Antes e Depois-Trabalho em Conjunto (PDF)\t(343 downloads\t)\n<\/a>\n<br \/>\n<a  data-e-Disable-Page-Transition=\"true\" class=\"download-link\" title=\"\" href=\"https:\/\/celulas.com.br?download=1304&amp;tmstv=1777635751\" rel=\"nofollow\" id=\"download-link-1304\" data-redirect=\"false\" >\n\tBatalhas e Vit\u00f3rias - Fac 2 - Refor\u00e7o - Trabalho em Conjunto (PDF)\t(452 downloads\t)\n<\/a>\n<br \/>\n<a  data-e-Disable-Page-Transition=\"true\" class=\"download-link\" title=\"\" href=\"https:\/\/celulas.com.br?download=1298&amp;tmstv=1777635751\" rel=\"nofollow\" id=\"download-link-1298\" data-redirect=\"false\" >\n\tA Vis\u00e3o e Implanta\u00e7\u00e3o do Trabalho em Conjunto - Trabalho em Conjunto (ZIP)\t(471 downloads\t)\n<\/a>\n<br \/>\n}<a  data-e-Disable-Page-Transition=\"true\" class=\"download-link\" title=\"\" href=\"https:\/\/celulas.com.br?download=1294&amp;tmstv=1777635751\" rel=\"nofollow\" id=\"download-link-1294\" data-redirect=\"false\" >\n\tErrata Fac 3 Semana 14 (Perdas e Ganhos) - Trabalho em Conjunto  (PDF)\t(294 downloads\t)\n<\/a>\n<br \/>\n<a  data-e-Disable-Page-Transition=\"true\" class=\"download-link\" title=\"\" href=\"https:\/\/celulas.com.br?download=1290&amp;tmstv=1777635751\" rel=\"nofollow\" id=\"download-link-1290\" data-redirect=\"false\" >\n\tCapa Vigiar e Vencer - Trabalho em Conjunto (JPG)\t(281 downloads\t)\n<\/a>\n<br \/>\n<a  data-e-Disable-Page-Transition=\"true\" class=\"download-link\" title=\"\" href=\"https:\/\/celulas.com.br?download=1319&amp;tmstv=1777635751\" rel=\"nofollow\" id=\"download-link-1319\" data-redirect=\"false\" >\n\tCurriculo - Antes e Depois - Trabalho em Conjunto (PDF)\t(325 downloads\t)\n<\/a>\n<br \/>\n<a  data-e-Disable-Page-Transition=\"true\" class=\"download-link\" title=\"\" href=\"https:\/\/celulas.com.br?download=1323&amp;tmstv=1777635751\" rel=\"nofollow\" id=\"download-link-1323\" data-redirect=\"false\" >\n\tCurr\u00ed\u00adculo - Batalhas e Vit\u00f3rias - Trabalho em Conjunto (PDF)\t(336 downloads\t)\n<\/a>\n<br \/>\n<a  data-e-Disable-Page-Transition=\"true\" class=\"download-link\" title=\"\" href=\"https:\/\/celulas.com.br?download=1325&amp;tmstv=1777635751\" rel=\"nofollow\" id=\"download-link-1325\" data-redirect=\"false\" >\n\tErrata Contos Encontros - Trabalho em Conjunto (PDF)\t(298 downloads\t)\n<\/a>\n<br \/>\n<a  data-e-Disable-Page-Transition=\"true\" class=\"download-link\" title=\"\" href=\"https:\/\/celulas.com.br?download=1331&amp;tmstv=1777635751\" rel=\"nofollow\" id=\"download-link-1331\" data-redirect=\"false\" >\n\tCurriculo -  Andan\u00e7as e Mudan\u00e7as - Trabalho em Conjunto (PDF)\t(330 downloads\t)\n<\/a>\n<br \/>\n<a  data-e-Disable-Page-Transition=\"true\" class=\"download-link\" title=\"\" href=\"https:\/\/celulas.com.br?download=1335&amp;tmstv=1777635751\" rel=\"nofollow\" id=\"download-link-1335\" data-redirect=\"false\" >\n\tCapa Andan\u00e7as e Mudan\u00e7as - Trabalho em Conjunto (JPG)\t(251 downloads\t)\n<\/a>\n<br \/>\n<a  data-e-Disable-Page-Transition=\"true\" class=\"download-link\" title=\"\" href=\"https:\/\/celulas.com.br?download=1339&amp;tmstv=1777635751\" rel=\"nofollow\" id=\"download-link-1339\" data-redirect=\"false\" >\n\tPrinc\u00ed\u00adpios Andan\u00e7as e Mudan\u00e7as - Trabalho em Conjunto (PDF)\t(318 downloads\t)\n<\/a>\n<br \/>\n<a  data-e-Disable-Page-Transition=\"true\" class=\"download-link\" title=\"\" href=\"https:\/\/celulas.com.br?download=1343&amp;tmstv=1777635751\" rel=\"nofollow\" id=\"download-link-1343\" data-redirect=\"false\" >\n\tInstru\u00e7\u00f5es do Desafio dos Patriarcas - Trabalho em Conjunto (JPG)\t(191 downloads\t)\n<\/a>\n<br \/>\n<a  data-e-Disable-Page-Transition=\"true\" class=\"download-link\" title=\"\" href=\"https:\/\/celulas.com.br?download=1347&amp;tmstv=1777635751\" rel=\"nofollow\" id=\"download-link-1347\" data-redirect=\"false\" >\n\tIPI de SJRP - Trabalho em Conjunto - Ficha de Inscri\u00e7\u00e3o - IPI de SJRP (DOC)\t(334 downloads\t)\n<\/a>\n<br \/>\n<a  data-e-Disable-Page-Transition=\"true\" class=\"download-link\" title=\"\" href=\"https:\/\/celulas.com.br?download=1391&amp;tmstv=1777635751\" rel=\"nofollow\" id=\"download-link-1391\" data-redirect=\"false\" >\n\tPapel de parede Fam\u00ed\u00adlia Oikos - Trabalho em conjunto (ZIP)\t(355 downloads\t)\n<\/a>\n<br \/>\n<a  data-e-Disable-Page-Transition=\"true\" class=\"download-link\" title=\"\" href=\"https:\/\/celulas.com.br?download=1393&amp;tmstv=1777635751\" rel=\"nofollow\" id=\"download-link-1393\" data-redirect=\"false\" >\n\tPapel de parede 2 Fam\u00ed\u00adlia Oikos - Trabalho em Conjunto (ZIP)\t(308 downloads\t)\n<\/a>\n<br \/>\n<a  data-e-Disable-Page-Transition=\"true\" class=\"download-link\" title=\"\" href=\"https:\/\/celulas.com.br?download=1395&amp;tmstv=1777635751\" rel=\"nofollow\" id=\"download-link-1395\" data-redirect=\"false\" >\n\tRestaurar e Edificar - Revista Promocional - Trabalho em Conjunto (ZIP)\t(227 downloads\t)\n<\/a>\n<br \/>\n<a  data-e-Disable-Page-Transition=\"true\" class=\"download-link\" title=\"\" href=\"https:\/\/celulas.com.br?download=1397&amp;tmstv=1777635751\" rel=\"nofollow\" id=\"download-link-1397\" data-redirect=\"false\" >\n\tCapa A\u00e7\u00e3o e Rea\u00e7\u00e3o - Trabalho em Conjunto (JPG)\t(286 downloads\t)\n<\/a>\n<br \/>\n<a  data-e-Disable-Page-Transition=\"true\" class=\"download-link\" title=\"\" href=\"https:\/\/celulas.com.br?download=1527&amp;tmstv=1777635751\" rel=\"nofollow\" id=\"download-link-1527\" data-redirect=\"false\" >\n\tPlano da Salva\u00e7\u00e3o - maiores - Trabalho em Conjunto (RAR)\t(419 downloads\t)\n<\/a>\n<br \/>\n<a  data-e-Disable-Page-Transition=\"true\" class=\"download-link\" title=\"\" href=\"https:\/\/celulas.com.br?download=1529&amp;tmstv=1777635751\" rel=\"nofollow\" id=\"download-link-1529\" data-redirect=\"false\" >\n\tPlano da Salva\u00e7\u00e3o - menores\t- Trabalho em Conjunto (RAR)\t(417 downloads\t)\n<\/a>\n<br \/>\n<a  data-e-Disable-Page-Transition=\"true\" class=\"download-link\" title=\"\" href=\"https:\/\/celulas.com.br?download=2165&amp;tmstv=1777635751\" rel=\"nofollow\" id=\"download-link-2165\" data-redirect=\"false\" >\n\tCapa Restaurar e Edificar - Trabalho em conjunto - JPG\t(0 downloads\t)\n<\/a>\n<br \/>\n<a  data-e-Disable-Page-Transition=\"true\" class=\"download-link\" title=\"\" href=\"https:\/\/celulas.com.br?download=2193&amp;tmstv=1777635751\" rel=\"nofollow\" id=\"download-link-2193\" data-redirect=\"false\" >\n\tAprender e Viver - Trabalho em Conjunto - (PDF)\t(0 downloads\t)\n<\/a>\n<br \/>\n<a  data-e-Disable-Page-Transition=\"true\" class=\"download-link\" title=\"Version jpg - trabalho em conjunto\" href=\"https:\/\/celulas.com.br?download=1127&amp;tmstv=1777635751\" rel=\"nofollow\" id=\"download-link-1127\" data-redirect=\"false\" >\n\tCapa Restaurar e Edificar-Trabalho em Conjunto (JPG)\t(311 downloads\t)\n<\/a>\n<br \/>\n<a  data-e-Disable-Page-Transition=\"true\" class=\"download-link\" title=\"Version jpg - trabalho em conjunto\" href=\"https:\/\/celulas.com.br?download=1121&amp;tmstv=1777635751\" rel=\"nofollow\" id=\"download-link-1121\" data-redirect=\"false\" >\n\tCapa Descobertas e Solu\u00e7\u00f5es-Trabalho em Conjunto (JPG)\t(300 downloads\t)\n<\/a>\n<br \/>\n<a  data-e-Disable-Page-Transition=\"true\" class=\"download-link\" title=\"\" href=\"https:\/\/celulas.com.br?download=1302&amp;tmstv=1777635751\" rel=\"nofollow\" id=\"download-link-1302\" data-redirect=\"false\" >\n\tCapa Perdas e Ganhos - Trabalho em Conjunto (JPG)\t(282 downloads\t)\n<\/a>\n<br \/>\n<a  data-e-Disable-Page-Transition=\"true\" class=\"download-link\" title=\"\" href=\"https:\/\/celulas.com.br?download=1300&amp;tmstv=1777635751\" rel=\"nofollow\" id=\"download-link-1300\" data-redirect=\"false\" >\n\tCurriculo Junto ou Conjunto -Trabalho em Conjunto (273)\t(296 downloads\t)\n<\/a>\n<br \/>\n<a  data-e-Disable-Page-Transition=\"true\" class=\"download-link\" title=\"\" href=\"https:\/\/celulas.com.br?download=1296&amp;tmstv=1777635751\" rel=\"nofollow\" id=\"download-link-1296\" data-redirect=\"false\" >\n\tCurr\u00ed\u00adculo Perdas e Ganhos - Trabalho em Conjunto (DOC)\t(308 downloads\t)\n<\/a>\n<br \/>\n<a  data-e-Disable-Page-Transition=\"true\" class=\"download-link\" title=\"\" href=\"https:\/\/celulas.com.br?download=1292&amp;tmstv=1777635751\" rel=\"nofollow\" id=\"download-link-1292\" data-redirect=\"false\" >\n\tCurr\u00edculo Vigiar e Vencer - Trabalho em Conjunto (PDF)\t(309 downloads\t)\n<\/a>\n<br \/>\n<a  data-e-Disable-Page-Transition=\"true\" class=\"download-link\" title=\"\" href=\"https:\/\/celulas.com.br?download=1288&amp;tmstv=1777635752\" rel=\"nofollow\" id=\"download-link-1288\" data-redirect=\"false\" >\n\tCapa Junto ou Conjunto - Trabalho em Conjunto (JPG)\t(246 downloads\t)\n<\/a>\n<br \/>\n<a  data-e-Disable-Page-Transition=\"true\" class=\"download-link\" title=\"\" href=\"https:\/\/celulas.com.br?download=1321&amp;tmstv=1777635752\" rel=\"nofollow\" id=\"download-link-1321\" data-redirect=\"false\" >\n\tCapa - Batalhas e Vit\u00f3rias - Trabalho em Conjunto (JPG)\t(273 downloads\t)\n<\/a>\n<br \/>\n<a  data-e-Disable-Page-Transition=\"true\" class=\"download-link\" title=\"\" href=\"https:\/\/celulas.com.br?download=1327&amp;tmstv=1777635752\" rel=\"nofollow\" id=\"download-link-1327\" data-redirect=\"false\" >\n\tErrata Contos e Encontros - Trabalho em Conjunto (RAR)\t(274 downloads\t)\n<\/a>\n<br \/>\n<a  data-e-Disable-Page-Transition=\"true\" class=\"download-link\" title=\"\" href=\"https:\/\/celulas.com.br?download=1329&amp;tmstv=1777635752\" rel=\"nofollow\" id=\"download-link-1329\" data-redirect=\"false\" >\n\tCurr\u00edculo -  Poder e Testemunho - Trabalho em Conjunto (PDF)\t(295 downloads\t)\n<\/a>\n<br \/>\n<a  data-e-Disable-Page-Transition=\"true\" class=\"download-link\" title=\"\" href=\"https:\/\/celulas.com.br?download=1337&amp;tmstv=1777635752\" rel=\"nofollow\" id=\"download-link-1337\" data-redirect=\"false\" >\n\tCapa Poder e Testemunho - Trabalho em Conjunto (JPG)\t(240 downloads\t)\n<\/a>\n<br \/>\n}<a  data-e-Disable-Page-Transition=\"true\" class=\"download-link\" title=\"\" href=\"https:\/\/celulas.com.br?download=1341&amp;tmstv=1777635752\" rel=\"nofollow\" id=\"download-link-1341\" data-redirect=\"false\" >\n\tCapa Andan\u00e7as e Mudan\u00e7as - Trabalho em Conjunto (JPG)\t(257 downloads\t)\n<\/a>\n<br \/>\n<a  data-e-Disable-Page-Transition=\"true\" class=\"download-link\" title=\"\" href=\"https:\/\/celulas.com.br?download=1345&amp;tmstv=1777635752\" rel=\"nofollow\" id=\"download-link-1345\" data-redirect=\"false\" >\n\tResumo dos Livros - Trabalho em Conjunto (DOC)\t(338 downloads\t)\n<\/a>\n<br \/>\n<a  data-e-Disable-Page-Transition=\"true\" class=\"download-link\" title=\"\" href=\"https:\/\/celulas.com.br?download=1349&amp;tmstv=1777635752\" rel=\"nofollow\" id=\"download-link-1349\" data-redirect=\"false\" >\n\tResgate do soldado Ryan - Trabalho em Conjunto (ZIP)\t(239 downloads\t)\n<\/a>\n<br \/>\n<a  data-e-Disable-Page-Transition=\"true\" class=\"download-link\" title=\"\" href=\"https:\/\/celulas.com.br?download=1347&amp;tmstv=1777635752\" rel=\"nofollow\" id=\"download-link-1347\" data-redirect=\"false\" >\n\tIPI de SJRP - Trabalho em Conjunto - Ficha de Inscri\u00e7\u00e3o - IPI de SJRP (DOC)\t(334 downloads\t)\n<\/a>\n<br \/>\n<a  data-e-Disable-Page-Transition=\"true\" class=\"download-link\" title=\"\" href=\"https:\/\/celulas.com.br?download=1399&amp;tmstv=1777635752\" rel=\"nofollow\" id=\"download-link-1399\" data-redirect=\"false\" >\n\tPromocional A\u00e7\u00e3o e Rea\u00e7\u00e3o - Trabalho em Conjunto (ZIP)\t(176 downloads\t)\n<\/a>\n<br \/>\n<a  data-e-Disable-Page-Transition=\"true\" class=\"download-link\" title=\"\" href=\"https:\/\/celulas.com.br?download=1401&amp;tmstv=1777635752\" rel=\"nofollow\" id=\"download-link-1401\" data-redirect=\"false\" >\n\tPrograma Especial (Decora\u00e7\u00e3o) - Poder e Testemunho - Trabalho em Conjunto (PDF)\t(297 downloads\t)\n<\/a>\n<br \/>\n<a  data-e-Disable-Page-Transition=\"true\" class=\"download-link\" title=\"\" href=\"https:\/\/celulas.com.br?download=1403&amp;tmstv=1777635752\" rel=\"nofollow\" id=\"download-link-1403\" data-redirect=\"false\" >\n\tImplantando o Trabalho em Conjunto - 16 CAIC (ZIP)\t(2 downloads\t)\n<\/a>\n<br \/>\n<a  data-e-Disable-Page-Transition=\"true\" class=\"download-link\" title=\"\" href=\"https:\/\/celulas.com.br?download=1405&amp;tmstv=1777635752\" rel=\"nofollow\" id=\"download-link-1405\" data-redirect=\"false\" >\n\tA crian\u00e7a atendida na celebra\u00e7\u00e3o, na c\u00e9lula e na fam\u00ed\u00adlia - 16 CAIC -Trabalho em Conjunto (PPTX)\t(0 downloads\t)\n<\/a>\n<br \/>\n<a  data-e-Disable-Page-Transition=\"true\" class=\"download-link\" title=\"\" href=\"https:\/\/celulas.com.br?download=1531&amp;tmstv=1777635752\" rel=\"nofollow\" id=\"download-link-1531\" data-redirect=\"false\" >\n\tRevista Aprender e Viver - Promocional\t-Trabalho em Conjunto (ZIP)\t(205 downloads\t)\n<\/a>\n<br \/>\n<a  data-e-Disable-Page-Transition=\"true\" class=\"download-link\" title=\"\" href=\"https:\/\/celulas.com.br?download=1533&amp;tmstv=1777635752\" rel=\"nofollow\" id=\"download-link-1533\" data-redirect=\"false\" >\n\tRevista Promocional - De Cora\u00e7\u00e3o para Cora\u00e7\u00e3o - Trabalho em Conjunto (ZIP)\t(308 downloads\t)\n<\/a>\n<br \/>\n<a  data-e-Disable-Page-Transition=\"true\" class=\"download-link\" title=\"\" href=\"https:\/\/celulas.com.br?download=2163&amp;tmstv=1777635752\" rel=\"nofollow\" id=\"download-link-2163\" data-redirect=\"false\" >\n\tCapa A\u00e7\u00e3o e Rea\u00e7\u00e3o\t(0 downloads\t)\n<\/a>\n<\/p>\n","protected":false},"excerpt":{"rendered":"<p>Downloads } }<\/p>\n","protected":false},"author":1,"featured_media":0,"parent":0,"menu_order":0,"comment_status":"closed","ping_status":"open","template":"","meta":{"_themeisle_gutenberg_block_has_review":false,"footnotes":""},"class_list":["post-1153","page","type-page","status-publish","hentry"],"_links":{"self":[{"href":"https:\/\/celulas.com.br\/index.php?rest_route=\/wp\/v2\/pages\/1153","targetHints":{"allow":["GET"]}}],"collection":[{"href":"https:\/\/celulas.com.br\/index.php?rest_route=\/wp\/v2\/pages"}],"about":[{"href":"https:\/\/celulas.com.br\/index.php?rest_route=\/wp\/v2\/types\/page"}],"author":[{"embeddable":true,"href":"https:\/\/celulas.com.br\/index.php?rest_route=\/wp\/v2\/users\/1"}],"replies":[{"embeddable":true,"href":"https:\/\/celulas.com.br\/index.php?rest_route=%2Fwp%2Fv2%2Fcomments&post=1153"}],"version-history":[{"count":54,"href":"https:\/\/celulas.com.br\/index.php?rest_route=\/wp\/v2\/pages\/1153\/revisions"}],"predecessor-version":[{"id":2238,"href":"https:\/\/celulas.com.br\/index.php?rest_route=\/wp\/v2\/pages\/1153\/revisions\/2238"}],"wp:attachment":[{"href":"https:\/\/celulas.com.br\/index.php?rest_route=%2Fwp%2Fv2%2Fmedia&parent=1153"}],"curies":[{"name":"wp","href":"https:\/\/api.w.org\/{rel}","templated":true}]}}